{"id":2887,"date":"2020-05-02T14:32:02","date_gmt":"2020-05-02T14:32:02","guid":{"rendered":"https:\/\/lagar.vamtam.com\/?page_id=2887"},"modified":"2025-03-12T00:10:35","modified_gmt":"2025-03-12T00:10:35","slug":"blog","status":"publish","type":"page","link":"https:\/\/euro-deli.ca\/fr\/blog\/","title":{"rendered":"Blog"},"content":{"rendered":"\t\t<div data-elementor-type=\"wp-page\" data-elementor-id=\"2887\" class=\"elementor elementor-2887\" data-elementor-post-type=\"page\">\n\t\t\t\t\t\t<section class=\"elementor-section elementor-top-section elementor-element elementor-element-4a7a3e0 elementor-section-height-min-height elementor-section-content-bottom elementor-section-boxed elementor-section-height-default elementor-section-items-middle\" data-id=\"4a7a3e0\" data-element_type=\"section\" data-e-type=\"section\" data-settings=\"{&quot;background_background&quot;:&quot;slideshow&quot;,&quot;background_slideshow_gallery&quot;:[{&quot;id&quot;:987792,&quot;url&quot;:&quot;https:\\\/\\\/euro-deli.ca\\\/wp-content\\\/uploads\\\/2024\\\/11\\\/IMG_4716-Enhanced-NR-Large.jpeg&quot;},{&quot;id&quot;:987836,&quot;url&quot;:&quot;https:\\\/\\\/euro-deli.ca\\\/wp-content\\\/uploads\\\/2024\\\/11\\\/IMG_4764-Enhanced-NR-Large.jpeg&quot;},{&quot;id&quot;:987838,&quot;url&quot;:&quot;https:\\\/\\\/euro-deli.ca\\\/wp-content\\\/uploads\\\/2024\\\/11\\\/IMG_6346-Large.jpeg&quot;},{&quot;id&quot;:987841,&quot;url&quot;:&quot;https:\\\/\\\/euro-deli.ca\\\/wp-content\\\/uploads\\\/2024\\\/11\\\/IMG_6239-scaled.jpg&quot;},{&quot;id&quot;:987842,&quot;url&quot;:&quot;https:\\\/\\\/euro-deli.ca\\\/wp-content\\\/uploads\\\/2024\\\/11\\\/IMG_6504-Large-2.jpeg&quot;},{&quot;id&quot;:987843,&quot;url&quot;:&quot;https:\\\/\\\/euro-deli.ca\\\/wp-content\\\/uploads\\\/2024\\\/11\\\/IMG_6206-Large-2.jpeg&quot;},{&quot;id&quot;:987844,&quot;url&quot;:&quot;https:\\\/\\\/euro-deli.ca\\\/wp-content\\\/uploads\\\/2024\\\/11\\\/IMG_6239-Large-2.jpeg&quot;},{&quot;id&quot;:987845,&quot;url&quot;:&quot;https:\\\/\\\/euro-deli.ca\\\/wp-content\\\/uploads\\\/2024\\\/11\\\/IMG_6519-Large-1.jpeg&quot;}],&quot;background_slideshow_transition_duration&quot;:5000,&quot;background_slideshow_lazyload&quot;:&quot;yes&quot;,&quot;background_slideshow_ken_burns&quot;:&quot;yes&quot;,&quot;background_slideshow_loop&quot;:&quot;yes&quot;,&quot;background_slideshow_slide_duration&quot;:5000,&quot;background_slideshow_slide_transition&quot;:&quot;fade&quot;,&quot;background_slideshow_ken_burns_zoom_direction&quot;:&quot;in&quot;}\">\n\t\t\t\t\t\t\t<div class=\"elementor-background-overlay\"><\/div>\n\t\t\t\t\t\t\t<div class=\"elementor-container elementor-column-gap-default\">\n\t\t\t\t\t<div class=\"elementor-column elementor-col-100 elementor-top-column elementor-element elementor-element-b64d6fc\" data-id=\"b64d6fc\" data-element_type=\"column\" data-e-type=\"column\">\n\t\t\t<div class=\"elementor-widget-wrap elementor-element-populated\">\n\t\t\t\t\t\t<div class=\"elementor-element elementor-element-8bd4f8a elementor-widget elementor-widget-heading\" data-id=\"8bd4f8a\" data-element_type=\"widget\" data-e-type=\"widget\" data-widget_type=\"heading.default\">\n\t\t\t\t<div class=\"elementor-widget-container\">\n\t\t\t\t\t<h1 class=\"elementor-heading-title elementor-size-default\">Discover our Articles!<\/h1>\t\t\t\t<\/div>\n\t\t\t\t<\/div>\n\t\t\t\t\t<\/div>\n\t\t<\/div>\n\t\t\t\t\t<\/div>\n\t\t<\/section>\n\t\t\t\t<section class=\"elementor-section elementor-top-section elementor-element elementor-element-6436358 elementor-section-boxed elementor-section-height-default elementor-section-height-default\" data-id=\"6436358\" data-element_type=\"section\" data-e-type=\"section\">\n\t\t\t\t\t\t<div class=\"elementor-container elementor-column-gap-default\">\n\t\t\t\t\t<div class=\"elementor-column elementor-col-100 elementor-top-column elementor-element elementor-element-2e3ea40\" data-id=\"2e3ea40\" data-element_type=\"column\" data-e-type=\"column\">\n\t\t\t<div class=\"elementor-widget-wrap elementor-element-populated\">\n\t\t\t\t\t\t<div class=\"elementor-element elementor-element-55c2dcf elementor-posts--align-left elementor-grid-3 elementor-grid-tablet-2 elementor-grid-mobile-1 elementor-posts--thumbnail-top elementor-invisible elementor-widget elementor-widget-posts\" data-id=\"55c2dcf\" data-element_type=\"widget\" data-e-type=\"widget\" data-settings=\"{&quot;classic_row_gap&quot;:{&quot;unit&quot;:&quot;px&quot;,&quot;size&quot;:30,&quot;sizes&quot;:[]},&quot;_animation&quot;:&quot;fadeIn&quot;,&quot;_animation_tablet&quot;:&quot;none&quot;,&quot;classic_columns&quot;:&quot;3&quot;,&quot;classic_columns_tablet&quot;:&quot;2&quot;,&quot;classic_columns_mobile&quot;:&quot;1&quot;,&quot;classic_row_gap_tablet&quot;:{&quot;unit&quot;:&quot;px&quot;,&quot;size&quot;:&quot;&quot;,&quot;sizes&quot;:[]},&quot;classic_row_gap_mobile&quot;:{&quot;unit&quot;:&quot;px&quot;,&quot;size&quot;:&quot;&quot;,&quot;sizes&quot;:[]}}\" data-widget_type=\"posts.classic\">\n\t\t\t\t<div class=\"elementor-widget-container\">\n\t\t\t\t\t\t\t<div class=\"elementor-posts-container elementor-posts elementor-posts--skin-classic elementor-grid\">\n\t\t\t\t<article class=\"elementor-post elementor-grid-item post-3007 post type-post status-publish format-standard has-post-thumbnail hentry category-pizza\">\n\t\t\t\t<a class=\"elementor-post__thumbnail__link\" href=\"https:\/\/euro-deli.ca\/fr\/lart-de-fabriquer-des-pizzas-italiennes-authentiques-chez-euro-deli\/\" tabindex=\"-1\" >\n\t\t\t<div class=\"elementor-post__thumbnail\"><img fetchpriority=\"high\" decoding=\"async\" width=\"768\" height=\"1152\" src=\"https:\/\/euro-deli.ca\/wp-content\/uploads\/2024\/11\/IMG_1156-Large-768x1152.jpeg\" class=\"attachment-medium_large size-medium_large wp-image-987742\" alt=\"\" srcset=\"https:\/\/euro-deli.ca\/wp-content\/uploads\/2024\/11\/IMG_1156-Large-768x1152.jpeg 768w, https:\/\/euro-deli.ca\/wp-content\/uploads\/2024\/11\/IMG_1156-Large-200x300.jpeg 200w, https:\/\/euro-deli.ca\/wp-content\/uploads\/2024\/11\/IMG_1156-Large-682x1024.jpeg 682w, https:\/\/euro-deli.ca\/wp-content\/uploads\/2024\/11\/IMG_1156-Large-630x945.jpeg 630w, https:\/\/euro-deli.ca\/wp-content\/uploads\/2024\/11\/IMG_1156-Large-315x473.jpeg 315w, https:\/\/euro-deli.ca\/wp-content\/uploads\/2024\/11\/IMG_1156-Large.jpeg 853w\" sizes=\"(max-width: 768px) 100vw, 768px\" \/><\/div>\n\t\t<\/a>\n\t\t\t\t<div class=\"elementor-post__text\">\n\t\t\t\t<h3 class=\"elementor-post__title\">\n\t\t\t<a href=\"https:\/\/euro-deli.ca\/fr\/lart-de-fabriquer-des-pizzas-italiennes-authentiques-chez-euro-deli\/\" >\n\t\t\t\tThe Art of Crafting Authentic Italian Pizza at Euro Deli\t\t\t<\/a>\n\t\t<\/h3>\n\t\t\t\t<div class=\"elementor-post__meta-data\">\n\t\t\t\t\t<span class=\"elementor-post-date\">\n\t\t\tf\u00e9vrier 3, 2024\t\t<\/span>\n\t\t\t\t<\/div>\n\t\t\t\t<div class=\"elementor-post__excerpt\">\n\t\t\t<p>At Euro Deli, every pizza we make is a tribute to traditional Italian craftsmanship and flavors. The journey begins with<\/p>\n\t\t<\/div>\n\t\t\t\t<\/div>\n\t\t\t\t<\/article>\n\t\t\t\t<article class=\"elementor-post elementor-grid-item post-2990 post type-post status-publish format-standard has-post-thumbnail hentry category-food\">\n\t\t\t\t<a class=\"elementor-post__thumbnail__link\" href=\"https:\/\/euro-deli.ca\/fr\/decouvrir-la-cuisine-italienne-euro-delis-pasta-selection\/\" tabindex=\"-1\" >\n\t\t\t<div class=\"elementor-post__thumbnail\"><img decoding=\"async\" width=\"768\" height=\"1152\" src=\"https:\/\/euro-deli.ca\/wp-content\/uploads\/2024\/11\/IMG_4904-Large-768x1152.jpeg\" class=\"attachment-medium_large size-medium_large wp-image-987861\" alt=\"\" srcset=\"https:\/\/euro-deli.ca\/wp-content\/uploads\/2024\/11\/IMG_4904-Large-768x1152.jpeg 768w, https:\/\/euro-deli.ca\/wp-content\/uploads\/2024\/11\/IMG_4904-Large-200x300.jpeg 200w, https:\/\/euro-deli.ca\/wp-content\/uploads\/2024\/11\/IMG_4904-Large-682x1024.jpeg 682w, https:\/\/euro-deli.ca\/wp-content\/uploads\/2024\/11\/IMG_4904-Large-630x945.jpeg 630w, https:\/\/euro-deli.ca\/wp-content\/uploads\/2024\/11\/IMG_4904-Large-315x473.jpeg 315w, https:\/\/euro-deli.ca\/wp-content\/uploads\/2024\/11\/IMG_4904-Large.jpeg 853w\" sizes=\"(max-width: 768px) 100vw, 768px\" \/><\/div>\n\t\t<\/a>\n\t\t\t\t<div class=\"elementor-post__text\">\n\t\t\t\t<h3 class=\"elementor-post__title\">\n\t\t\t<a href=\"https:\/\/euro-deli.ca\/fr\/decouvrir-la-cuisine-italienne-euro-delis-pasta-selection\/\" >\n\t\t\t\tDiscover the Heart of Italian Cuisine: Euro Deli&#8217;s Pasta Selection\t\t\t<\/a>\n\t\t<\/h3>\n\t\t\t\t<div class=\"elementor-post__meta-data\">\n\t\t\t\t\t<span class=\"elementor-post-date\">\n\t\t\tmai 3, 2023\t\t<\/span>\n\t\t\t\t<\/div>\n\t\t\t\t<div class=\"elementor-post__excerpt\">\n\t\t\t<p>\u00a0 At Euro Deli, our grocery section is a haven for pasta lovers seeking authentic Italian quality and flavor. We<\/p>\n\t\t<\/div>\n\t\t\t\t<\/div>\n\t\t\t\t<\/article>\n\t\t\t\t<\/div>\n\t\t\n\t\t\t\t\t\t<\/div>\n\t\t\t\t<\/div>\n\t\t\t\t\t<\/div>\n\t\t<\/div>\n\t\t\t\t\t<\/div>\n\t\t<\/section>\n\t\t\t\t<section class=\"elementor-section elementor-top-section elementor-element elementor-element-5f7e5b4 elementor-section-height-min-height elementor-section-boxed elementor-section-height-default elementor-section-items-middle\" data-id=\"5f7e5b4\" data-element_type=\"section\" data-e-type=\"section\" id=\"subscribe-form\" data-settings=\"{&quot;background_background&quot;:&quot;classic&quot;}\">\n\t\t\t\t\t\t<div class=\"elementor-container elementor-column-gap-default\">\n\t\t\t\t\t<div class=\"elementor-column elementor-col-100 elementor-top-column elementor-element elementor-element-2fcb29f\" data-id=\"2fcb29f\" data-element_type=\"column\" data-e-type=\"column\" data-settings=\"{&quot;background_background&quot;:&quot;classic&quot;}\">\n\t\t\t<div class=\"elementor-widget-wrap elementor-element-populated\">\n\t\t\t\t\t\t<div class=\"elementor-element elementor-element-2361002 elementor-widget elementor-widget-image\" data-id=\"2361002\" data-element_type=\"widget\" data-e-type=\"widget\" data-widget_type=\"image.default\">\n\t\t\t\t<div class=\"elementor-widget-container\">\n\t\t\t\t\t\t\t\t\t<div class=\"elementor-image\">\n\t\t\t\t\t\t\t\t\t\t\t\t\t\t\t\t\t\t\t\t\t<img decoding=\"async\" width=\"1024\" height=\"85\" src=\"https:\/\/euro-deli.ca\/wp-content\/uploads\/2020\/03\/header-shape-1-1.svg\" class=\"attachment-large size-large wp-image-538\" alt=\"\" \/>\t\t\t\t\t\t\t\t\t\t\t\t\t\t\t\t\t\t\t\t\t\t\t\t<\/div>\n\t\t\t\t\t\t\t\t<\/div>\n\t\t\t\t<\/div>\n\t\t\t\t<div class=\"elementor-element elementor-element-d0405a5 elementor-headline--style-blurred_letters elementor-widget elementor-widget-vamtam-animated-headline\" data-id=\"d0405a5\" data-element_type=\"widget\" data-e-type=\"widget\" data-settings=\"{&quot;headline_style&quot;:&quot;blurred_letters&quot;,&quot;vamtam_text&quot;:&quot;Subscribe to Our Newsletter&quot;}\" data-widget_type=\"vamtam-animated-headline.default\">\n\t\t\t\t<div class=\"elementor-widget-container\">\n\t\t\t\t\t<style>.elementor-element-d0405a5{display:none !important}<\/style>\t\t\t\t<\/div>\n\t\t\t\t<\/div>\n\t\t\t\t<div class=\"elementor-element elementor-element-d6f3864 elementor-widget elementor-widget-text-editor\" data-id=\"d6f3864\" data-element_type=\"widget\" data-e-type=\"widget\" data-widget_type=\"text-editor.default\">\n\t\t\t\t<div class=\"elementor-widget-container\">\n\t\t\t\t\t\t\t\t\t<p>Stay up to date with the latest promotions, discounts and events:<\/p>\t\t\t\t\t\t\t\t<\/div>\n\t\t\t\t<\/div>\n\t\t\t\t<div class=\"elementor-element elementor-element-ff7ea9f elementor-button-align-center elementor-widget elementor-widget-form\" data-id=\"ff7ea9f\" data-element_type=\"widget\" data-e-type=\"widget\" data-settings=\"{&quot;step_next_label&quot;:&quot;Next&quot;,&quot;step_previous_label&quot;:&quot;Previous&quot;,&quot;button_width&quot;:&quot;100&quot;,&quot;step_type&quot;:&quot;number_text&quot;,&quot;step_icon_shape&quot;:&quot;circle&quot;}\" data-widget_type=\"form.default\">\n\t\t\t\t<div class=\"elementor-widget-container\">\n\t\t\t\t\t\t\t<form class=\"elementor-form\" method=\"post\" name=\"Subscribe\">\n\t\t\t<input type=\"hidden\" name=\"post_id\" value=\"2887\"\/>\n\t\t\t<input type=\"hidden\" name=\"form_id\" value=\"ff7ea9f\"\/>\n\t\t\t<input type=\"hidden\" name=\"referer_title\" value=\"Blog - EuroDeli\" \/>\n\n\t\t\t\t\t\t\t<input type=\"hidden\" name=\"queried_id\" value=\"2887\"\/>\n\t\t\t\n\t\t\t<div class=\"elementor-form-fields-wrapper elementor-labels-\">\n\t\t\t\t\t\t\t\t<div class=\"elementor-field-type-text elementor-field-group elementor-column elementor-field-group-name elementor-col-50 elementor-field-required\">\n\t\t\t\t\t\t\t\t\t\t\t\t<label for=\"form-field-name\" class=\"elementor-field-label elementor-screen-only\">\n\t\t\t\t\t\t\t\tName\t\t\t\t\t\t\t<\/label>\n\t\t\t\t\t\t\t\t\t\t\t\t\t\t<input size=\"1\" type=\"text\" name=\"form_fields[name]\" id=\"form-field-name\" class=\"elementor-field elementor-size-md  elementor-field-textual\" placeholder=\"Name\" required=\"required\" aria-required=\"true\">\n\t\t\t\t\t\t\t\t\t\t\t<\/div>\n\t\t\t\t\t\t\t\t<div class=\"elementor-field-type-text elementor-field-group elementor-column elementor-field-group-field_7167dcc elementor-col-50\">\n\t\t\t\t\t\t\t\t\t\t\t\t<label for=\"form-field-field_7167dcc\" class=\"elementor-field-label elementor-screen-only\">\n\t\t\t\t\t\t\t\tSurname\t\t\t\t\t\t\t<\/label>\n\t\t\t\t\t\t\t\t\t\t\t\t\t\t<input size=\"1\" type=\"text\" name=\"form_fields[field_7167dcc]\" id=\"form-field-field_7167dcc\" class=\"elementor-field elementor-size-md  elementor-field-textual\" placeholder=\"Surname\">\n\t\t\t\t\t\t\t\t\t\t\t<\/div>\n\t\t\t\t\t\t\t\t<div class=\"elementor-field-type-email elementor-field-group elementor-column elementor-field-group-email elementor-col-100 elementor-field-required\">\n\t\t\t\t\t\t\t\t\t\t\t\t<label for=\"form-field-email\" class=\"elementor-field-label elementor-screen-only\">\n\t\t\t\t\t\t\t\tEmail\t\t\t\t\t\t\t<\/label>\n\t\t\t\t\t\t\t\t\t\t\t\t\t\t<input size=\"1\" type=\"email\" name=\"form_fields[email]\" id=\"form-field-email\" class=\"elementor-field elementor-size-md  elementor-field-textual\" placeholder=\"Email\" required=\"required\" aria-required=\"true\">\n\t\t\t\t\t\t\t\t\t\t\t<\/div>\n\t\t\t\t\t\t\t\t<div class=\"elementor-field-type-textarea elementor-field-group elementor-column elementor-field-group-message elementor-col-100\">\n\t\t\t\t\t\t\t\t\t\t\t\t<label for=\"form-field-message\" class=\"elementor-field-label elementor-screen-only\">\n\t\t\t\t\t\t\t\tMessage\t\t\t\t\t\t\t<\/label>\n\t\t\t\t\t\t<textarea class=\"elementor-field-textual elementor-field  elementor-size-md\" name=\"form_fields[message]\" id=\"form-field-message\" rows=\"4\" placeholder=\"What are your favorite types of wine?\"><\/textarea>\t\t\t\t<\/div>\n\t\t\t\t\t\t\t\t<div class=\"elementor-field-group elementor-column elementor-field-type-submit elementor-col-100 e-form__buttons\">\n\t\t\t\t\t<button class=\"elementor-button elementor-size-sm\" type=\"submit\">\n\t\t\t\t\t\t<span class=\"elementor-button-content-wrapper\">\n\t\t\t\t\t\t\t\t\t\t\t\t\t\t\t<span class=\"elementor-button-icon\">\n\t\t\t\t\t\t\t\t\t<i aria-hidden=\"true\" class=\"fas fa-arrow-right\"><\/i>\t\t\t\t\t\t\t\t\t\t\t\t\t\t\t\t\t<\/span>\n\t\t\t\t\t\t\t\t\t\t\t\t\t\t\t\t\t\t\t\t\t\t<span class=\"elementor-button-text\">Send<\/span>\n\t\t\t\t\t\t\t\t\t\t\t\t\t<\/span>\n\t\t\t\t\t<\/button>\n\t\t\t\t<\/div>\n\t\t\t<\/div>\n\t\t<\/form>\n\t\t\t\t\t\t<\/div>\n\t\t\t\t<\/div>\n\t\t\t\t<div class=\"elementor-element elementor-element-b0d22d3 elementor-widget elementor-widget-image\" data-id=\"b0d22d3\" data-element_type=\"widget\" data-e-type=\"widget\" data-widget_type=\"image.default\">\n\t\t\t\t<div class=\"elementor-widget-container\">\n\t\t\t\t\t\t\t\t\t<div class=\"elementor-image\">\n\t\t\t\t\t\t\t\t\t\t\t\t\t\t\t\t\t\t\t\t\t<img loading=\"lazy\" decoding=\"async\" width=\"1024\" height=\"51\" src=\"https:\/\/euro-deli.ca\/wp-content\/uploads\/2020\/07\/footer-shape.svg\" class=\"attachment-large size-large wp-image-4781\" alt=\"\" \/>\t\t\t\t\t\t\t\t\t\t\t\t\t\t\t\t\t\t\t\t\t\t\t\t<\/div>\n\t\t\t\t\t\t\t\t<\/div>\n\t\t\t\t<\/div>\n\t\t\t\t\t<\/div>\n\t\t<\/div>\n\t\t\t\t\t<\/div>\n\t\t<\/section>\n\t\t\t\t<\/div>\n\t\t","protected":false},"excerpt":{"rendered":"<p>D\u00e9couvrez nos articles ! S u b s c r i b e to O u r N e w s l e t t e r Restez au courant des derni\u00e8res promotions, r\u00e9ductions et \u00e9v\u00e9nements :<\/p>","protected":false},"author":1,"featured_media":0,"parent":0,"menu_order":0,"comment_status":"closed","ping_status":"closed","template":"","meta":{"footnotes":""},"class_list":["post-2887","page","type-page","status-publish","hentry"],"yoast_head":"<!-- This site is optimized with the Yoast SEO plugin v27.6 - https:\/\/yoast.com\/product\/yoast-seo-wordpress\/ -->\n<title>Blog - EuroDeli<\/title>\n<meta name=\"robots\" content=\"index, follow, max-snippet:-1, max-image-preview:large, max-video-preview:-1\" \/>\n<link rel=\"canonical\" href=\"https:\/\/euro-deli.ca\/fr\/blog\/\" \/>\n<meta property=\"og:locale\" content=\"fr_CA\" \/>\n<meta property=\"og:type\" content=\"article\" \/>\n<meta property=\"og:title\" content=\"Blog - EuroDeli\" \/>\n<meta property=\"og:description\" content=\"Discover our Articles! S u b s c r i b e t o O u r N e w s l e t t e r Stay up to date with the latest promotions, discounts and events:\" \/>\n<meta property=\"og:url\" content=\"https:\/\/euro-deli.ca\/fr\/blog\/\" \/>\n<meta property=\"og:site_name\" content=\"EuroDeli\" \/>\n<meta property=\"article:modified_time\" content=\"2025-03-12T00:10:35+00:00\" \/>\n<meta property=\"og:image\" content=\"https:\/\/euro-deli.ca\/wp-content\/uploads\/2020\/03\/header-shape-1-1.svg\" \/>\n<meta name=\"twitter:card\" content=\"summary_large_image\" \/>\n<meta name=\"twitter:label1\" content=\"Estimation du temps de lecture\" \/>\n\t<meta name=\"twitter:data1\" content=\"2 minutes\" \/>\n<script type=\"application\/ld+json\" class=\"yoast-schema-graph\">{\"@context\":\"https:\\\/\\\/schema.org\",\"@graph\":[{\"@type\":\"WebPage\",\"@id\":\"https:\\\/\\\/euro-deli.ca\\\/blog\\\/\",\"url\":\"https:\\\/\\\/euro-deli.ca\\\/blog\\\/\",\"name\":\"Blog - EuroDeli\",\"isPartOf\":{\"@id\":\"https:\\\/\\\/euro-deli.ca\\\/#website\"},\"primaryImageOfPage\":{\"@id\":\"https:\\\/\\\/euro-deli.ca\\\/blog\\\/#primaryimage\"},\"image\":{\"@id\":\"https:\\\/\\\/euro-deli.ca\\\/blog\\\/#primaryimage\"},\"thumbnailUrl\":\"https:\\\/\\\/euro-deli.ca\\\/wp-content\\\/uploads\\\/2020\\\/03\\\/header-shape-1-1.svg\",\"datePublished\":\"2020-05-02T14:32:02+00:00\",\"dateModified\":\"2025-03-12T00:10:35+00:00\",\"breadcrumb\":{\"@id\":\"https:\\\/\\\/euro-deli.ca\\\/blog\\\/#breadcrumb\"},\"inLanguage\":\"fr-CA\",\"potentialAction\":[{\"@type\":\"ReadAction\",\"target\":[\"https:\\\/\\\/euro-deli.ca\\\/blog\\\/\"]}]},{\"@type\":\"ImageObject\",\"inLanguage\":\"fr-CA\",\"@id\":\"https:\\\/\\\/euro-deli.ca\\\/blog\\\/#primaryimage\",\"url\":\"https:\\\/\\\/euro-deli.ca\\\/wp-content\\\/uploads\\\/2020\\\/03\\\/header-shape-1-1.svg\",\"contentUrl\":\"https:\\\/\\\/euro-deli.ca\\\/wp-content\\\/uploads\\\/2020\\\/03\\\/header-shape-1-1.svg\"},{\"@type\":\"BreadcrumbList\",\"@id\":\"https:\\\/\\\/euro-deli.ca\\\/blog\\\/#breadcrumb\",\"itemListElement\":[{\"@type\":\"ListItem\",\"position\":1,\"name\":\"Home\",\"item\":\"https:\\\/\\\/euro-deli.ca\\\/\"},{\"@type\":\"ListItem\",\"position\":2,\"name\":\"Blog\"}]},{\"@type\":\"WebSite\",\"@id\":\"https:\\\/\\\/euro-deli.ca\\\/#website\",\"url\":\"https:\\\/\\\/euro-deli.ca\\\/\",\"name\":\"EuroDeli\",\"description\":\"The taste of Goodness since 1994!\",\"publisher\":{\"@id\":\"https:\\\/\\\/euro-deli.ca\\\/#organization\"},\"potentialAction\":[{\"@type\":\"SearchAction\",\"target\":{\"@type\":\"EntryPoint\",\"urlTemplate\":\"https:\\\/\\\/euro-deli.ca\\\/?s={search_term_string}\"},\"query-input\":{\"@type\":\"PropertyValueSpecification\",\"valueRequired\":true,\"valueName\":\"search_term_string\"}}],\"inLanguage\":\"fr-CA\"},{\"@type\":\"Organization\",\"@id\":\"https:\\\/\\\/euro-deli.ca\\\/#organization\",\"name\":\"EuroDeli\",\"url\":\"https:\\\/\\\/euro-deli.ca\\\/\",\"logo\":{\"@type\":\"ImageObject\",\"inLanguage\":\"fr-CA\",\"@id\":\"https:\\\/\\\/euro-deli.ca\\\/#\\\/schema\\\/logo\\\/image\\\/\",\"url\":\"https:\\\/\\\/euro-deli.ca\\\/wp-content\\\/uploads\\\/2020\\\/03\\\/Asset-3.svg\",\"contentUrl\":\"https:\\\/\\\/euro-deli.ca\\\/wp-content\\\/uploads\\\/2020\\\/03\\\/Asset-3.svg\",\"width\":445,\"height\":217,\"caption\":\"EuroDeli\"},\"image\":{\"@id\":\"https:\\\/\\\/euro-deli.ca\\\/#\\\/schema\\\/logo\\\/image\\\/\"}}]}<\/script>\n<!-- \/ Yoast SEO plugin. -->","yoast_head_json":{"title":"Blog - EuroDeli","robots":{"index":"index","follow":"follow","max-snippet":"max-snippet:-1","max-image-preview":"max-image-preview:large","max-video-preview":"max-video-preview:-1"},"canonical":"https:\/\/euro-deli.ca\/fr\/blog\/","og_locale":"fr_CA","og_type":"article","og_title":"Blog - EuroDeli","og_description":"Discover our Articles! S u b s c r i b e t o O u r N e w s l e t t e r Stay up to date with the latest promotions, discounts and events:","og_url":"https:\/\/euro-deli.ca\/fr\/blog\/","og_site_name":"EuroDeli","article_modified_time":"2025-03-12T00:10:35+00:00","og_image":[{"url":"https:\/\/euro-deli.ca\/wp-content\/uploads\/2020\/03\/header-shape-1-1.svg","type":"","width":"","height":""}],"twitter_card":"summary_large_image","twitter_misc":{"Estimation du temps de lecture":"2 minutes"},"schema":{"@context":"https:\/\/schema.org","@graph":[{"@type":"WebPage","@id":"https:\/\/euro-deli.ca\/blog\/","url":"https:\/\/euro-deli.ca\/blog\/","name":"Blog - EuroDeli","isPartOf":{"@id":"https:\/\/euro-deli.ca\/#website"},"primaryImageOfPage":{"@id":"https:\/\/euro-deli.ca\/blog\/#primaryimage"},"image":{"@id":"https:\/\/euro-deli.ca\/blog\/#primaryimage"},"thumbnailUrl":"https:\/\/euro-deli.ca\/wp-content\/uploads\/2020\/03\/header-shape-1-1.svg","datePublished":"2020-05-02T14:32:02+00:00","dateModified":"2025-03-12T00:10:35+00:00","breadcrumb":{"@id":"https:\/\/euro-deli.ca\/blog\/#breadcrumb"},"inLanguage":"fr-CA","potentialAction":[{"@type":"ReadAction","target":["https:\/\/euro-deli.ca\/blog\/"]}]},{"@type":"ImageObject","inLanguage":"fr-CA","@id":"https:\/\/euro-deli.ca\/blog\/#primaryimage","url":"https:\/\/euro-deli.ca\/wp-content\/uploads\/2020\/03\/header-shape-1-1.svg","contentUrl":"https:\/\/euro-deli.ca\/wp-content\/uploads\/2020\/03\/header-shape-1-1.svg"},{"@type":"BreadcrumbList","@id":"https:\/\/euro-deli.ca\/blog\/#breadcrumb","itemListElement":[{"@type":"ListItem","position":1,"name":"Home","item":"https:\/\/euro-deli.ca\/"},{"@type":"ListItem","position":2,"name":"Blog"}]},{"@type":"WebSite","@id":"https:\/\/euro-deli.ca\/#website","url":"https:\/\/euro-deli.ca\/","name":"EuroDeli","description":"Le go\u00fbt de la bont\u00e9 depuis 1994 !","publisher":{"@id":"https:\/\/euro-deli.ca\/#organization"},"potentialAction":[{"@type":"SearchAction","target":{"@type":"EntryPoint","urlTemplate":"https:\/\/euro-deli.ca\/?s={search_term_string}"},"query-input":{"@type":"PropertyValueSpecification","valueRequired":true,"valueName":"search_term_string"}}],"inLanguage":"fr-CA"},{"@type":"Organization","@id":"https:\/\/euro-deli.ca\/#organization","name":"EuroDeli","url":"https:\/\/euro-deli.ca\/","logo":{"@type":"ImageObject","inLanguage":"fr-CA","@id":"https:\/\/euro-deli.ca\/#\/schema\/logo\/image\/","url":"https:\/\/euro-deli.ca\/wp-content\/uploads\/2020\/03\/Asset-3.svg","contentUrl":"https:\/\/euro-deli.ca\/wp-content\/uploads\/2020\/03\/Asset-3.svg","width":445,"height":217,"caption":"EuroDeli"},"image":{"@id":"https:\/\/euro-deli.ca\/#\/schema\/logo\/image\/"}}]}},"_links":{"self":[{"href":"https:\/\/euro-deli.ca\/fr\/wp-json\/wp\/v2\/pages\/2887","targetHints":{"allow":["GET"]}}],"collection":[{"href":"https:\/\/euro-deli.ca\/fr\/wp-json\/wp\/v2\/pages"}],"about":[{"href":"https:\/\/euro-deli.ca\/fr\/wp-json\/wp\/v2\/types\/page"}],"author":[{"embeddable":true,"href":"https:\/\/euro-deli.ca\/fr\/wp-json\/wp\/v2\/users\/1"}],"replies":[{"embeddable":true,"href":"https:\/\/euro-deli.ca\/fr\/wp-json\/wp\/v2\/comments?post=2887"}],"version-history":[{"count":12,"href":"https:\/\/euro-deli.ca\/fr\/wp-json\/wp\/v2\/pages\/2887\/revisions"}],"predecessor-version":[{"id":988035,"href":"https:\/\/euro-deli.ca\/fr\/wp-json\/wp\/v2\/pages\/2887\/revisions\/988035"}],"wp:attachment":[{"href":"https:\/\/euro-deli.ca\/fr\/wp-json\/wp\/v2\/media?parent=2887"}],"curies":[{"name":"wp","href":"https:\/\/api.w.org\/{rel}","templated":true}]}}